{"id":57,"date":"2023-04-06T17:16:39","date_gmt":"2023-04-06T17:16:39","guid":{"rendered":"https:\/\/neveras.serviciocertificadocartagena.com\/index.php\/home-2\/"},"modified":"2025-11-24T15:15:26","modified_gmt":"2025-11-24T15:15:26","slug":"home-2","status":"publish","type":"page","link":"https:\/\/neveras.serviciocertificadocartagena.com\/","title":{"rendered":"Home"},"content":{"rendered":"\n\n\n<h1 style=\"line-height: 1.2; text-decoration-style: initial;\">Servicio tecnico<\/h1><h1><font color=\"#2a83f9\">Reparaci\u00f3n y mantenimiento<\/font><\/h1>\n\n\n\n\n\n\n\n\n\n\n\n\n\n\n\n\n\n\n\n\n\n\n\n\n\n\n\n\n<h4 style=\"box-sizing: border-box; padding: 0px; margin: 0px; overflow-wrap: break-word; font-family: Raleway; font-size: 20px; font-weight: 600; line-height: 1.6; color: rgb(68, 70, 72); text-align: center; background-color: rgb(255, 255, 255);\">Servicio t\u00e9cnico electrodom\u00e9sticos se cubre con t\u00e9cnicos especializados en cualquier tipo<\/h4><h4><div pagelayer-id=\"qru7307\" class=\"p-qru7307 pagelayer-heading\" style=\"width: 1170px; color: rgb(0, 0, 0); font-size: 16px; font-weight: 400; text-align: start;\"><div class=\"pagelayer-heading-holder\"><\/div><\/div><\/h4><h4><\/h4><h4><div pagelayer-id=\"uli4650\" class=\"p-uli4650 pagelayer-heading\" style=\"width: 1170px; color: rgb(0, 0, 0); font-size: 16px; font-weight: 400; text-align: start;\"><div class=\"pagelayer-heading-holder\"><\/div><\/div><div pagelayer-id=\"lnn162\" class=\"p-lnn162 pagelayer-heading\" style=\"width: 1170px; color: rgb(0, 0, 0); font-size: 16px; font-weight: 400; text-align: start;\"><div class=\"pagelayer-heading-holder\"><\/div><\/div><\/h4><h4 style=\"box-sizing: border-box; padding: 0px; margin: 0px; overflow-wrap: break-word; font-family: Raleway; font-size: 20px; font-weight: 600; line-height: 1.6; color: rgb(68, 70, 72); text-align: center; background-color: rgb(255, 255, 255);\">y para todos los modelos de cualquier marca. Nuestro servicio t\u00e9cnico a domicilio se realiza con repuestos originales o gen\u00e9ricos especializados de cualquier marca.<\/h4>\n\n\n\n\n<h1 style=\"text-align: center; color: white\">Necesitas ayuda con tu electrodom\u00e9stico?.<\/h1>\n\n\n<h2 style=\"text-align: center; color: white\">Solicita atenci\u00f3n por<\/h2>\n<h2><a href=\"https:\/\/wa.me\/573132188167? text=Estoy%20interesado%20en%20contratar%20sus%20servicios\" style=\"text-align: center; color: lime;\">WhatsApp!<\/a><br><\/h2>\n\n\n\n\n<h1 style=\"color:white\">Mantenimiento y Reparaci\u00f3n para Lavadoras<\/h1>\n<h1 style=\"color:white\">Mantenimiento y Reparaci\u00f3n e Instalaci\u00f3n de Campanas<\/h1>\n<h1 style=\"color:white\">Mantenimiento y Reparaci\u00f3n e Instalaci\u00f3n de secadoras<\/h1>\n\n\n<h1 style=\"color:white\">Mantenimiento y Reparaci\u00f3n para Neveras y Nevecones<\/h1>\n<h1 style=\"color:white\">Mantenimiento y Reparaci\u00f3n e instalaci\u00f3n de Aires Acondicionados<\/h1>\n<h1 style=\"color:white\">Mantenimiento y Reparaci\u00f3n e instalaci\u00f3n de Lavadoras frontales<\/h1>\n\n\n","protected":false},"excerpt":{"rendered":"","protected":false},"author":1,"featured_media":0,"parent":0,"menu_order":0,"comment_status":"closed","ping_status":"closed","template":"","meta":[],"_links":{"self":[{"href":"https:\/\/neveras.serviciocertificadocartagena.com\/index.php\/wp-json\/wp\/v2\/pages\/57"}],"collection":[{"href":"https:\/\/neveras.serviciocertificadocartagena.com\/index.php\/wp-json\/wp\/v2\/pages"}],"about":[{"href":"https:\/\/neveras.serviciocertificadocartagena.com\/index.php\/wp-json\/wp\/v2\/types\/page"}],"author":[{"embeddable":true,"href":"https:\/\/neveras.serviciocertificadocartagena.com\/index.php\/wp-json\/wp\/v2\/users\/1"}],"replies":[{"embeddable":true,"href":"https:\/\/neveras.serviciocertificadocartagena.com\/index.php\/wp-json\/wp\/v2\/comments?post=57"}],"version-history":[{"count":47,"href":"https:\/\/neveras.serviciocertificadocartagena.com\/index.php\/wp-json\/wp\/v2\/pages\/57\/revisions"}],"predecessor-version":[{"id":154,"href":"https:\/\/neveras.serviciocertificadocartagena.com\/index.php\/wp-json\/wp\/v2\/pages\/57\/revisions\/154"}],"wp:attachment":[{"href":"https:\/\/neveras.serviciocertificadocartagena.com\/index.php\/wp-json\/wp\/v2\/media?parent=57"}],"curies":[{"name":"wp","href":"https:\/\/api.w.org\/{rel}","templated":true}]}}